{"id":66,"date":"2023-12-20T09:57:57","date_gmt":"2023-12-20T08:57:57","guid":{"rendered":"https:\/\/alsanmarco.restaurant\/?page_id=66"},"modified":"2024-11-06T12:06:24","modified_gmt":"2024-11-06T11:06:24","slug":"nos-viandes","status":"publish","type":"page","link":"https:\/\/alsanmarco.restaurant\/index.php\/nos-viandes\/","title":{"rendered":"Nos antipasti"},"content":{"rendered":"\n<p>\u00ab\u00a0Antipasti Authentiques : D\u00e9lices Italiens en Pr\u00e9lude \u00e0 votre Repas\u00a0\u00bb<\/p>\n\n\n\n<h2 class=\"wp-block-heading has-text-color has-link-color wp-elements-a36bd1f3f7f1399d48a4fee792c46a04\" style=\"color:#179b00\">Antipasti<\/h2>\n\n\n\n<figure class=\"wp-block-table is-style-stripes has-regular-font-size\"><table><tbody><tr><td><strong>OEUF MAYONNAiSE<\/strong><\/td><td><\/td><td>4<\/td><\/tr><tr><td><strong>SALADE VERTE<\/strong><\/td><td><\/td><td>4<\/td><\/tr><tr><td><strong>SALADE DE TOMATES AU THON<\/strong><br>SALADE, TOMATES, THON, MAYONNAiSE<\/td><td><\/td><td>10<\/td><\/tr><tr><td><strong>SALADE OC\u00c9ANE <\/strong><br>SALADE VERTE, ASPERGES BLANCHES, CAROTTES RAP\u00c9ES, AVOCAT, POMME DE TERRE, SAUMON FUM\u00c9, CREVETTES, CiTRON, HUiLE D\u2019OLiVE<\/td><td><\/td><td>16<\/td><\/tr><tr><td><strong>SALADE CAPRESE<\/strong><br>SALADE, TOMATES, MOZZARELLA DI BUFALA, HUiLE D\u2019OLiVE, ANCHOiS, OLiVES, ORiGAN<\/td><td><\/td><td>15<\/td><\/tr><tr><td><strong>ASSiETTE GRECQUE<\/strong><br>SALADE, CONCOMBRE, TOMATES, POiVRON, OiGNON, FETA, OLiVES<\/td><td><\/td><td>15<\/td><\/tr><tr><td><strong>SALADE CHEVRE CHAUD<\/strong><br>SALADE, TOMATES, ENDiVES, CERNEAUX DE NOiX, TOAST &amp; CHEVRE CHAUD<\/td><td><\/td><td>13<\/td><\/tr><tr><td><strong>SALADE CESAR<\/strong><br>SALADE, POULET, BASiLiC, COPEAUX DE PARMESAN, OEUF DUR<\/td><td><\/td><td>15<\/td><\/tr><\/tbody><\/table><\/figure>\n\n\n\n<figure class=\"wp-block-table is-style-stripes has-small-font-size\"><table><tbody><tr><td><strong>ASSiETTE DE JAMBON DE PARME<\/strong><br>JAMBON DE PARME<\/td><td><\/td><td><strong>16<\/strong><\/td><\/tr><tr><td><strong>ASSiETTE DE SAUMON FUME <\/strong><br>SAUMON FUM\u00c9<\/td><td><\/td><td><strong>1<\/strong>6<\/td><\/tr><tr><td><br><strong>PARMiGiANA Di MELANZNE<\/strong><\/td><td><\/td><td><strong>14<\/strong><\/td><\/tr><tr><td><strong>CARPACCiO<br>DE BOEUF OU SAUMON <\/strong>CARPACCiO ACCOMPAGNE DE FRiTES OU SALADE<\/td><td><\/td><td><strong>15<\/strong><\/td><\/tr><tr><td><strong>CARPACCiO<br>DE BOEUF OU SAUMON SANTA MARiA 18<\/strong><br>CARPACCiO, SALADE, TOMATES, MOZZARELLA<\/td><td><\/td><td><strong>18<\/strong><\/td><\/tr><tr><td><strong>VEGETARiENNE<\/strong><br>SALADE, ASSORTiMENT DE LEGUMES GRiLL\u00c9S, ARTiCHAUT \u00c0 LA ROMAiNE, F\u00c9TA<\/td><td><\/td><td><strong>15<\/strong><\/td><\/tr><tr><td><strong>PLANCHE DE CHARCUTERiE ITALiENNE 18<\/strong><\/td><td><\/td><td>20<\/td><\/tr><tr><td><strong>PLANCHA DE FROMAGE<\/strong><\/td><td><\/td><td><strong>1<\/strong>2<\/td><\/tr><\/tbody><\/table><figcaption class=\"wp-element-caption\">Prix en Euros<\/figcaption><\/figure>\n","protected":false},"excerpt":{"rendered":"<p>\u00ab\u00a0Antipasti Authentiques : D\u00e9lices Italiens en Pr\u00e9lude \u00e0 votre Repas\u00a0\u00bb Antipasti OEUF MAYONNAiSE 4 SALADE VERTE 4 SALADE DE TOMATES AU THONSALADE, TOMATES, THON, MAYONNAiSE 10 SALADE OC\u00c9ANE SALADE VERTE,&hellip;<\/p>\n","protected":false},"author":1,"featured_media":0,"parent":0,"menu_order":0,"comment_status":"closed","ping_status":"closed","template":"","meta":{"footnotes":""},"class_list":["post-66","page","type-page","status-publish","hentry"],"_links":{"self":[{"href":"https:\/\/alsanmarco.restaurant\/index.php\/wp-json\/wp\/v2\/pages\/66","targetHints":{"allow":["GET"]}}],"collection":[{"href":"https:\/\/alsanmarco.restaurant\/index.php\/wp-json\/wp\/v2\/pages"}],"about":[{"href":"https:\/\/alsanmarco.restaurant\/index.php\/wp-json\/wp\/v2\/types\/page"}],"author":[{"embeddable":true,"href":"https:\/\/alsanmarco.restaurant\/index.php\/wp-json\/wp\/v2\/users\/1"}],"replies":[{"embeddable":true,"href":"https:\/\/alsanmarco.restaurant\/index.php\/wp-json\/wp\/v2\/comments?post=66"}],"version-history":[{"count":16,"href":"https:\/\/alsanmarco.restaurant\/index.php\/wp-json\/wp\/v2\/pages\/66\/revisions"}],"predecessor-version":[{"id":248,"href":"https:\/\/alsanmarco.restaurant\/index.php\/wp-json\/wp\/v2\/pages\/66\/revisions\/248"}],"wp:attachment":[{"href":"https:\/\/alsanmarco.restaurant\/index.php\/wp-json\/wp\/v2\/media?parent=66"}],"curies":[{"name":"wp","href":"https:\/\/api.w.org\/{rel}","templated":true}]}}